{"id":9553,"date":"2021-06-04T07:12:27","date_gmt":"2021-06-04T07:12:27","guid":{"rendered":"https:\/\/skylabfactory.com\/a-propos\/"},"modified":"2023-07-24T09:22:46","modified_gmt":"2023-07-24T09:22:46","slug":"about-us","status":"publish","type":"page","link":"https:\/\/skylabfactory.com\/en\/about-us\/","title":{"rendered":"About us"},"content":{"rendered":"<p>[vc_row full_width=&#8221;stretch_row&#8221; content_placement=&#8221;middle&#8221; css=&#8221;.vc_custom_1625134016561{padding-top: 200px !important;padding-bottom: 200px !important;background-image: url(https:\/\/skylabfactory.com\/wp-content\/uploads\/2021\/07\/Slide_Skylab_Apropos.jpg?id=7819) !important;background-position: center !important;background-repeat: no-repeat !important;background-size: cover !important;}&#8221;][vc_column]<header class=\"kd-section-title vc_col-lg-6 vc_col-sm-8 text-center    \" ><h1 class=\"separator_off\" style=\"color: #ffffff;\">About us<\/h1><\/header>[vc_row_inner][vc_column_inner offset=&#8221;vc_hidden-lg&#8221;][vc_empty_space height=&#8221;50px&#8221;][\/vc_column_inner][\/vc_row_inner][\/vc_column][\/vc_row][vc_row css=&#8221;.vc_custom_1624994088225{padding-top: 100px !important;padding-bottom: 50px !important;}&#8221;][vc_column css=&#8221;.vc_custom_1513687155962{padding-right: 0px !important;padding-left: 0px !important;}&#8221;][vc_column_text]<span style=\"font-size: 12pt;\">At the beginning of 2018, we were looking for office space for our former business. After several months of searching, an opportunity came up in the town of Mouscron. There was just one problem: the size of the building was much larger than what we were looking for. From there, the problem turned into a solution. Sharing the space with other companies.<\/span><\/p>\n<p><span style=\"font-size: 12pt;\">After sharing this vision with other people from a variety of backgrounds &#8211; freelancers, entrepreneurs and employees &#8211; we noticed a real craze. Meeting and exchanging are needs that many of us want to fulfill in the workplace. So the Skylab Factory made perfect sense.<\/span>[\/vc_column_text][\/vc_column][\/vc_row][vc_row gap=&#8221;30&#8243; css=&#8221;.vc_custom_1624994467805{padding-bottom: 100px !important;}&#8221;][vc_column width=&#8221;1\/2&#8243; css=&#8221;.vc_custom_1624993926230{padding-right: 0px !important;padding-left: 0px !important;}&#8221;]<script type=\"text\/javascript\">\n              jQuery(document).ready(function($){\n                if ($(\".kd-photo-gallery-69e75f89442af .gallery-items\").length) {\n                  $(\".kd-photo-gallery-69e75f89442af .gallery-items\").owlCarousel({\n                    stageClass: \"owl-wrapper\",\n                    stageOuterClass: \"owl-wrapper-outer\",\n                    loadedClass: \"owl-carousel\",\n                    items: 1,\n                    rewind: true,nav: true,\n                      navSpeed: 500,\n                      dots: false,\n                    addClassActive: true,\n                  });\n                }\n              });\n            <\/script><div class=\"photo-gallery-wrapper kd-photo-gallery-69e75f89442af  \">\n              <div class=\"gallery-items\"><a data-size=\"1000x1000\" href=\"https:\/\/skylabfactory.com\/wp-content\/uploads\/2021\/07\/SF_Apropos.jpg\"><img loading=\"lazy\" decoding=\"async\" width=\"1000\" height=\"1000\" src=\"https:\/\/skylabfactory.com\/wp-content\/uploads\/2021\/07\/SF_Apropos.jpg\" class=\"attachment-full\" alt=\"\" srcset=\"https:\/\/skylabfactory.com\/wp-content\/uploads\/2021\/07\/SF_Apropos.jpg 1000w, https:\/\/skylabfactory.com\/wp-content\/uploads\/2021\/07\/SF_Apropos-300x300.jpg 300w, https:\/\/skylabfactory.com\/wp-content\/uploads\/2021\/07\/SF_Apropos-150x150.jpg 150w, https:\/\/skylabfactory.com\/wp-content\/uploads\/2021\/07\/SF_Apropos-768x768.jpg 768w\" sizes=\"auto, (max-width: 1000px) 100vw, 1000px\" \/><\/a><\/div>\n            <\/div>[vc_empty_space height=&#8221;20px&#8221;][\/vc_column][vc_column width=&#8221;1\/2&#8243;][vc_column_text]<span style=\"font-size: 12pt;\">The idea of coworking spaces was already widespread in major cities such as Paris, Brussels, New York and Melbourne. However, setting up a coworking space in a medium-sized town like Mouscron was a risky gamble.<\/span><\/p>\n<p><span style=\"font-size: 12pt;\">After several months of reflection, we decided to go ahead with the project, and it was in May 2018 that the first Skylab opened its doors.<\/span><\/p>\n<p><span style=\"font-size: 12pt;\">Initially, open space occupied almost the entire surface. Over time, the companies present evolved with different needs. Some were looking for more privacy and calm. Others wanted to be able to receive their customers confidentially. We listened to their needs and took the initiative to respond to them by offering a tailored service.<\/span><\/p>\n<p><span style=\"font-size: 12pt;\">From 9, we have grown to 22 private offices on the same site. We&#8217;re delighted to be able to support some of our partners from the outset, offering them the means to evolve. We are also fortunate to welcome large-scale companies who have opted for our private office package.<\/span>[\/vc_column_text][\/vc_column][\/vc_row][vc_row full_width=&#8221;stretch_row&#8221; css=&#8221;.vc_custom_1624994747295{padding-top: 155px !important;padding-bottom: 150px !important;background: rgba(0,0,0,0.6) url(https:\/\/skylabfactory.com\/wp-content\/uploads\/2021\/06\/Slide_Skylab_Mouscron.jpg?id=7638) !important;*background-color: rgb(0,0,0) !important;}&#8221;][vc_column width=&#8221;1\/2&#8243; offset=&#8221;vc_col-lg-6 vc_col-md-12 vc_col-xs-12&#8243;]<header class=\"kd-section-title col-lg-12 text-left solid-line sep-border-width-2     vc_custom_1690190493564\" ><h2 class=\"separator_on\" style=\"color: #ffffff;\">Today, Skylab Factory is present in Mouscron, Mons, Tournai and soon Brussels.<\/h2><div class=\"kd-separator below_title\" ><div class=\"kd-separator-line\" style=\"border-color:#ffffff\"><\/div><\/div><h6 class=\"subtitle \" style=\"color: #ffffff;\">We work with over fifty international companies on a total surface area of over 7,000m\u00b2.<\/h6><\/header>[\/vc_column][vc_column width=&#8221;1\/6&#8243;][\/vc_column][vc_column width=&#8221;1\/3&#8243; offset=&#8221;vc_col-lg-4 vc_col-md-12 vc_col-xs-12&#8243; css=&#8221;.vc_custom_1516103198991{padding-right: 0px !important;}&#8221;]<div class=\"kd-photobox  \" ><div class=\"photobox-img\"><a href=\"\"  ><\/a><\/div><div class=\"phb-content text-left no-image\" >\n                  <h4 >Proud of our evolution, we welcome you to all our centers with a simple philosophy:<\/h4>\n                  <p >Enjoy your Business<\/p><\/div><\/div>[\/vc_column][\/vc_row][vc_row full_width=&#8221;stretch_row_content_no_spaces&#8221; disable_element=&#8221;yes&#8221; css=&#8221;.vc_custom_1624993531346{padding-top: 100px !important;padding-bottom: 0px !important;}&#8221;][vc_column][vc_row_inner][vc_column_inner width=&#8221;1\/3&#8243;][\/vc_column_inner][vc_column_inner width=&#8221;1\/3&#8243; offset=&#8221;vc_col-lg-4 vc_col-md-12&#8243;]<header class=\"kd-section-title col-lg-12 text-center solid-line sep-border-width-2    \" ><h2 class=\"separator_on\" >Une \u00e9quipe \u00e0 l'\u00e9coute<\/h2><div class=\"kd-separator below_title\" ><div class=\"kd-separator-line\" ><\/div><\/div><h6 class=\"subtitle \" >Voici l\u2019\u00e9quipe Skylab Factory, nous sommes toujours disponible pour r\u00e9pondre au mieux \u00e0 vos attentes et questions.<\/h6><\/header>[\/vc_column_inner][vc_column_inner width=&#8221;1\/3&#8243;][\/vc_column_inner][\/vc_row_inner]\r\n                <div class=\"team-carousel kdteamc69e75f894451d tc-parent \">\r\n                    <div class=\"tc-content\"><div class=\"team-member design-creative  \" >\r\n                            <div class=\"team-content\" >\r\n                                <div class=\"team-image\"><img decoding=\"async\" src=\"https:\/\/www.leadengine-wp.com\/wp-content\/uploads\/2018\/01\/team1.jpg\"  \/><div class=\"team-content-hover\">\r\n                                <h4 >Guillaume Andrieux<\/h4>\r\n                                <span class=\"team-subtitle\" >Fonction<\/span>\r\n                                <p >guillaume@skylabfactory.com<\/p>\r\n                                <div class=\"team-socials\"><\/div>\r\n                            <\/div><\/div>\r\n                            <\/div>\r\n                        <\/div><div class=\"team-member design-creative  \" >\r\n                            <div class=\"team-content\" >\r\n                                <div class=\"team-image\"><img decoding=\"async\" src=\"https:\/\/www.leadengine-wp.com\/wp-content\/uploads\/2018\/01\/team2.jpg\"  \/><div class=\"team-content-hover\">\r\n                                <h4 >Hugo Soares<\/h4>\r\n                                <span class=\"team-subtitle\" >Fonction<\/span>\r\n                                <p >hugo@skylabfactory.com<\/p>\r\n                                <div class=\"team-socials\"><\/div>\r\n                            <\/div><\/div>\r\n                            <\/div>\r\n                        <\/div><div class=\"team-member design-creative  \" >\r\n                            <div class=\"team-content\" >\r\n                                <div class=\"team-image\"><img decoding=\"async\" src=\"https:\/\/www.leadengine-wp.com\/wp-content\/uploads\/2018\/01\/team3.jpg\"  \/><div class=\"team-content-hover\">\r\n                                <h4 >Enzo Nolf<\/h4>\r\n                                <span class=\"team-subtitle\" >Fonction<\/span>\r\n                                <p >enzo@skylabfactory.com<\/p>\r\n                                <div class=\"team-socials\"><\/div>\r\n                            <\/div><\/div>\r\n                            <\/div>\r\n                        <\/div><div class=\"team-member design-creative  \" >\r\n                            <div class=\"team-content\" >\r\n                                <div class=\"team-image\"><img decoding=\"async\" src=\"https:\/\/www.leadengine-wp.com\/wp-content\/uploads\/2018\/01\/team4.jpg\"  \/><div class=\"team-content-hover\">\r\n                                <h4 >Isa<\/h4>\r\n                                <span class=\"team-subtitle\" >Fonction<\/span>\r\n                                <p >isa@skylabfactory.com<\/p>\r\n                                <div class=\"team-socials\"><\/div>\r\n                            <\/div><\/div>\r\n                            <\/div>\r\n                        <\/div><div class=\"team-member design-creative  \" >\r\n                            <div class=\"team-content\" >\r\n                                <div class=\"team-image\"><img decoding=\"async\" src=\"https:\/\/www.leadengine-wp.com\/wp-content\/uploads\/2018\/01\/team5.jpg\"  \/><div class=\"team-content-hover\">\r\n                                <h4 >Jacky Nolf<\/h4>\r\n                                <span class=\"team-subtitle\" >Fonction<\/span>\r\n                                <p >jacky@skylabfactory.com<\/p>\r\n                                <div class=\"team-socials\"><\/div>\r\n                            <\/div><\/div>\r\n                            <\/div>\r\n                        <\/div><div class=\"team-member design-creative  \" >\r\n                            <div class=\"team-content\" >\r\n                                <div class=\"team-image\"><img decoding=\"async\" src=\"https:\/\/www.leadengine-wp.com\/wp-content\/uploads\/2018\/01\/team6.jpg\"  \/><div class=\"team-content-hover\">\r\n                                <h4 >...<\/h4>\r\n                                <span class=\"team-subtitle\" >Fonction<\/span>\r\n                                <p >....<\/p>\r\n                                <div class=\"team-socials\"><\/div>\r\n                            <\/div><\/div>\r\n                            <\/div>\r\n                        <\/div><\/div>\r\n                <\/div><script type=\"text\/javascript\">\r\n\r\n                    if (jQuery(\".team-carousel.kdteamc69e75f894451d .tc-content\").length) {\r\n                      var $owlkdteamc69e75f894451d = jQuery(\".team-carousel.kdteamc69e75f894451d .tc-content\");\r\n\r\n                      $owlkdteamc69e75f894451d.children().each( function( index ) {\r\n                        jQuery(this).attr( \"data-position\", index );\r\n                      });\r\n\r\n                      jQuery(document).on(\"click\", \".team-carousel.kdteamc69e75f894451d .tc-content .owl-item>div\", function() {\r\n                        $owlkdteamc69e75f894451d.trigger(\"to.owl.carousel\", jQuery(this).data( \"position\" ) );\r\n                      });\r\n\r\n                      jQuery(window).load(function() {\r\n                      jQuery(\".team-carousel.kdteamc69e75f894451d .tc-content\").owlCarousel({\r\n                        stageClass: \"owl-wrapper\",\r\n                        stageOuterClass: \"owl-wrapper-outer\",\r\n                        loadedClass: \"owl-carousel\",\r\n                        responsive:{\r\n                            0:{\r\n                                items:1,\r\n                            },\r\n                            768:{\r\n                                items:2,\r\n                            },\r\n                            1199:{\r\n                                items:3,\r\n                            },\r\n                            1366:{\r\n                                items: 5,\r\n                            }\r\n                        },\r\n                        items: 5,\r\n                        slideBy: 1,\r\n                        mouseDrag: false,\r\n                        center: true,\r\n                        loop: true,\r\n                        nav: false,\r\n                        dots: false,autoplay: true,\r\n                          rewind: true,autoplayTimeout: 10000,\r\n                        addClassActive: true,\r\n                      });\r\n                    });\r\n                    }\r\n          \t\t\t<\/script>[\/vc_column][\/vc_row][vc_row full_width=&#8221;stretch_row&#8221;][vc_column css=&#8221;.vc_custom_1516095014613{padding-right: 0px !important;padding-left: 0px !important;}&#8221;][vc_row_inner css=&#8221;.vc_custom_1624994762071{padding-top: 75px !important;padding-bottom: 50px !important;}&#8221;][vc_column_inner width=&#8221;1\/4&#8243;][\/vc_column_inner][vc_column_inner width=&#8221;1\/2&#8243;]<header class=\"kd-section-title col-lg-12 text-center    \" ><h2 class=\"separator_off\" >We are available.<\/h2><h6 class=\"subtitle \" >If you wish to receive more information on our services, prices, or formulas don\u2019t hesitate to contact us!<\/h6><\/header>[vc_empty_space height=&#8221;10px&#8221;]<a  href=\"\/contact\/\"  target=\"_self\"  title=\"Contact\" class=\"tt_button    button-center  \" ><span class=\"prim_text\">Contact us<\/span><span class=\" iconita\"><\/span><\/a>[\/vc_column_inner][vc_column_inner width=&#8221;1\/4&#8243;][\/vc_column_inner][\/vc_row_inner][\/vc_column][\/vc_row]<\/p>\n","protected":false},"excerpt":{"rendered":"<p>[vc_row full_width=&#8221;stretch_row&#8221; content_placement=&#8221;middle&#8221; css=&#8221;.vc_custom_1625134016561{padding-top: 200px !important;padding-bottom: 200px !important;background-image: url(https:\/\/skylabfactory.com\/wp-content\/uploads\/2021\/07\/Slide_Skylab_Apropos.jpg?id=7819) !important;background-position: center !important;background-repeat: no-repeat !important;background-size: cover !important;}&#8221;][vc_column][vc_row_inner][vc_column_inner offset=&#8221;vc_hidden-lg&#8221;][vc_empty_space height=&#8221;50px&#8221;][\/vc_column_inner][\/vc_row_inner][\/vc_column][\/vc_row][vc_row css=&#8221;.vc_custom_1624994088225{padding-top: 100px !important;padding-bottom: 50px !important;}&#8221;][vc_column css=&#8221;.vc_custom_1513687155962{padding-right: 0px !important;padding-left: 0px [&hellip;]<\/p>\n","protected":false},"author":5,"featured_media":0,"parent":0,"menu_order":0,"comment_status":"closed","ping_status":"closed","template":"","meta":{"inline_featured_image":false,"footnotes":""},"class_list":["post-9553","page","type-page","status-publish","hentry"],"yoast_head":"<!-- This site is optimized with the Yoast SEO plugin v24.4 - https:\/\/yoast.com\/wordpress\/plugins\/seo\/ -->\n<title>L&#039;histoire du Skylab Factory - Mouscron, Mons, Tournai, Bruxelles.<\/title>\n<meta name=\"description\" content=\"Le Skylab Factory, c&#039;est un concept de coworking et de location de bureau privatif dans les r\u00e9gions de Mouscron, Mons, Tournai et Bruxelles.\" \/>\n<meta name=\"robots\" content=\"index, follow, max-snippet:-1, max-image-preview:large, max-video-preview:-1\" \/>\n<link rel=\"canonical\" href=\"https:\/\/skylabfactory.com\/en\/about-us\/\" \/>\n<meta property=\"og:locale\" content=\"en_US\" \/>\n<meta property=\"og:type\" content=\"article\" \/>\n<meta property=\"og:title\" content=\"L&#039;histoire du Skylab Factory - Mouscron, Mons, Tournai, Bruxelles.\" \/>\n<meta property=\"og:description\" content=\"Le Skylab Factory, c&#039;est un concept de coworking et de location de bureau privatif dans les r\u00e9gions de Mouscron, Mons, Tournai et Bruxelles.\" \/>\n<meta property=\"og:url\" content=\"https:\/\/skylabfactory.com\/en\/about-us\/\" \/>\n<meta property=\"og:site_name\" content=\"Skylab Factory\" \/>\n<meta property=\"article:publisher\" content=\"https:\/\/www.facebook.com\/Skylabfactory\/\" \/>\n<meta property=\"article:modified_time\" content=\"2023-07-24T09:22:46+00:00\" \/>\n<meta property=\"og:image\" content=\"https:\/\/skylabfactory.com\/wp-content\/uploads\/2021\/06\/Skylab-Mons-28.jpg\" \/>\n\t<meta property=\"og:image:width\" content=\"1500\" \/>\n\t<meta property=\"og:image:height\" content=\"1000\" \/>\n\t<meta property=\"og:image:type\" content=\"image\/jpeg\" \/>\n<meta name=\"twitter:label1\" content=\"Est. reading time\" \/>\n\t<meta name=\"twitter:data1\" content=\"4 minutes\" \/>\n<script type=\"application\/ld+json\" class=\"yoast-schema-graph\">{\"@context\":\"https:\/\/schema.org\",\"@graph\":[{\"@type\":\"WebPage\",\"@id\":\"https:\/\/skylabfactory.com\/en\/about-us\/\",\"url\":\"https:\/\/skylabfactory.com\/en\/about-us\/\",\"name\":\"L'histoire du Skylab Factory - Mouscron, Mons, Tournai, Bruxelles.\",\"isPartOf\":{\"@id\":\"https:\/\/skylabfactory.com\/en\/#website\"},\"datePublished\":\"2021-06-04T07:12:27+00:00\",\"dateModified\":\"2023-07-24T09:22:46+00:00\",\"description\":\"Le Skylab Factory, c'est un concept de coworking et de location de bureau privatif dans les r\u00e9gions de Mouscron, Mons, Tournai et Bruxelles.\",\"breadcrumb\":{\"@id\":\"https:\/\/skylabfactory.com\/en\/about-us\/#breadcrumb\"},\"inLanguage\":\"en-US\",\"potentialAction\":[{\"@type\":\"ReadAction\",\"target\":[\"https:\/\/skylabfactory.com\/en\/about-us\/\"]}]},{\"@type\":\"BreadcrumbList\",\"@id\":\"https:\/\/skylabfactory.com\/en\/about-us\/#breadcrumb\",\"itemListElement\":[{\"@type\":\"ListItem\",\"position\":1,\"name\":\"Accueil\",\"item\":\"https:\/\/skylabfactory.com\/en\/\"},{\"@type\":\"ListItem\",\"position\":2,\"name\":\"About us\"}]},{\"@type\":\"WebSite\",\"@id\":\"https:\/\/skylabfactory.com\/en\/#website\",\"url\":\"https:\/\/skylabfactory.com\/en\/\",\"name\":\"Skylab Factory\",\"description\":\"\",\"potentialAction\":[{\"@type\":\"SearchAction\",\"target\":{\"@type\":\"EntryPoint\",\"urlTemplate\":\"https:\/\/skylabfactory.com\/en\/?s={search_term_string}\"},\"query-input\":{\"@type\":\"PropertyValueSpecification\",\"valueRequired\":true,\"valueName\":\"search_term_string\"}}],\"inLanguage\":\"en-US\"}]}<\/script>\n<!-- \/ Yoast SEO plugin. -->","yoast_head_json":{"title":"L'histoire du Skylab Factory - Mouscron, Mons, Tournai, Bruxelles.","description":"Le Skylab Factory, c'est un concept de coworking et de location de bureau privatif dans les r\u00e9gions de Mouscron, Mons, Tournai et Bruxelles.","robots":{"index":"index","follow":"follow","max-snippet":"max-snippet:-1","max-image-preview":"max-image-preview:large","max-video-preview":"max-video-preview:-1"},"canonical":"https:\/\/skylabfactory.com\/en\/about-us\/","og_locale":"en_US","og_type":"article","og_title":"L'histoire du Skylab Factory - Mouscron, Mons, Tournai, Bruxelles.","og_description":"Le Skylab Factory, c'est un concept de coworking et de location de bureau privatif dans les r\u00e9gions de Mouscron, Mons, Tournai et Bruxelles.","og_url":"https:\/\/skylabfactory.com\/en\/about-us\/","og_site_name":"Skylab Factory","article_publisher":"https:\/\/www.facebook.com\/Skylabfactory\/","article_modified_time":"2023-07-24T09:22:46+00:00","og_image":[{"width":1500,"height":1000,"url":"https:\/\/skylabfactory.com\/wp-content\/uploads\/2021\/06\/Skylab-Mons-28.jpg","type":"image\/jpeg"}],"twitter_misc":{"Est. reading time":"4 minutes"},"schema":{"@context":"https:\/\/schema.org","@graph":[{"@type":"WebPage","@id":"https:\/\/skylabfactory.com\/en\/about-us\/","url":"https:\/\/skylabfactory.com\/en\/about-us\/","name":"L'histoire du Skylab Factory - Mouscron, Mons, Tournai, Bruxelles.","isPartOf":{"@id":"https:\/\/skylabfactory.com\/en\/#website"},"datePublished":"2021-06-04T07:12:27+00:00","dateModified":"2023-07-24T09:22:46+00:00","description":"Le Skylab Factory, c'est un concept de coworking et de location de bureau privatif dans les r\u00e9gions de Mouscron, Mons, Tournai et Bruxelles.","breadcrumb":{"@id":"https:\/\/skylabfactory.com\/en\/about-us\/#breadcrumb"},"inLanguage":"en-US","potentialAction":[{"@type":"ReadAction","target":["https:\/\/skylabfactory.com\/en\/about-us\/"]}]},{"@type":"BreadcrumbList","@id":"https:\/\/skylabfactory.com\/en\/about-us\/#breadcrumb","itemListElement":[{"@type":"ListItem","position":1,"name":"Accueil","item":"https:\/\/skylabfactory.com\/en\/"},{"@type":"ListItem","position":2,"name":"About us"}]},{"@type":"WebSite","@id":"https:\/\/skylabfactory.com\/en\/#website","url":"https:\/\/skylabfactory.com\/en\/","name":"Skylab Factory","description":"","potentialAction":[{"@type":"SearchAction","target":{"@type":"EntryPoint","urlTemplate":"https:\/\/skylabfactory.com\/en\/?s={search_term_string}"},"query-input":{"@type":"PropertyValueSpecification","valueRequired":true,"valueName":"search_term_string"}}],"inLanguage":"en-US"}]}},"_links":{"self":[{"href":"https:\/\/skylabfactory.com\/en\/wp-json\/wp\/v2\/pages\/9553","targetHints":{"allow":["GET"]}}],"collection":[{"href":"https:\/\/skylabfactory.com\/en\/wp-json\/wp\/v2\/pages"}],"about":[{"href":"https:\/\/skylabfactory.com\/en\/wp-json\/wp\/v2\/types\/page"}],"author":[{"embeddable":true,"href":"https:\/\/skylabfactory.com\/en\/wp-json\/wp\/v2\/users\/5"}],"replies":[{"embeddable":true,"href":"https:\/\/skylabfactory.com\/en\/wp-json\/wp\/v2\/comments?post=9553"}],"version-history":[{"count":4,"href":"https:\/\/skylabfactory.com\/en\/wp-json\/wp\/v2\/pages\/9553\/revisions"}],"predecessor-version":[{"id":9756,"href":"https:\/\/skylabfactory.com\/en\/wp-json\/wp\/v2\/pages\/9553\/revisions\/9756"}],"wp:attachment":[{"href":"https:\/\/skylabfactory.com\/en\/wp-json\/wp\/v2\/media?parent=9553"}],"curies":[{"name":"wp","href":"https:\/\/api.w.org\/{rel}","templated":true}]}}