{"id":9632,"date":"2018-01-22T11:19:51","date_gmt":"2018-01-22T11:19:51","guid":{"rendered":"https:\/\/skylabfactory.com\/contact\/"},"modified":"2023-07-24T08:32:46","modified_gmt":"2023-07-24T08:32:46","slug":"contact","status":"publish","type":"page","link":"https:\/\/skylabfactory.com\/en\/contact\/","title":{"rendered":"Contact"},"content":{"rendered":"<p>[vc_row full_width=&#8221;stretch_row&#8221; content_placement=&#8221;middle&#8221; css=&#8221;.vc_custom_1675757284168{padding-top: 200px !important;padding-bottom: 200px !important;background-image: url(https:\/\/skylabfactory.com\/wp-content\/uploads\/2023\/02\/Nous-contacter.jpg?id=8949) !important;background-position: center !important;background-repeat: no-repeat !important;background-size: cover !important;}&#8221;][vc_column]<header class=\"kd-section-title vc_col-lg-6 vc_col-sm-8 text-center    \" ><h1 class=\"separator_off\" style=\"color: #ffffff;\">Contact us<\/h1><\/header>[vc_row_inner][vc_column_inner offset=&#8221;vc_hidden-lg&#8221;][vc_empty_space height=&#8221;50px&#8221;][\/vc_column_inner][\/vc_row_inner][\/vc_column][\/vc_row][vc_row css=&#8221;.vc_custom_1622718516491{margin-bottom: 40px !important;padding-top: 50px !important;background-color: #ffffff !important;}&#8221;][vc_column][vc_row_inner][vc_column_inner offset=&#8221;vc_hidden-lg vc_hidden-md&#8221;][vc_empty_space height=&#8221;50px&#8221;][\/vc_column_inner][\/vc_row_inner][vc_custom_heading text=&#8221;You want to visit one of our centers or get more information about Skylab Factory? Contact us!&#8221; font_container=&#8221;tag:h6|text_align:center&#8221; use_theme_fonts=&#8221;yes&#8221;][\/vc_column][\/vc_row][vc_row css=&#8221;.vc_custom_1622724337456{margin-bottom: 40px !important;padding-top: 20px !important;padding-right: 55px !important;padding-left: 55px !important;background-color: #ffffff !important;}&#8221;][vc_column css=&#8221;.vc_custom_1513687155962{padding-right: 0px !important;padding-left: 0px !important;}&#8221;][vc_row_inner css=&#8221;.vc_custom_1516644205564{padding-bottom: 10px !important;}&#8221;][vc_column_inner width=&#8221;1\/3&#8243;]<div class=\"key-icon-box icon-default icon-top cont-center\" style=\"background-color: transparent; \" ><i class=\"iconsmind-Email fa\" style=\" \"><\/i> <h4 class=\"service-heading\" >Send an email<\/h4><p >contact@skylabfactory.com<\/p><\/div>[\/vc_column_inner][vc_column_inner width=&#8221;1\/3&#8243;]<div class=\"key-icon-box icon-default icon-top cont-center\" style=\"background-color: transparent; \" ><i class=\"iconsmind-Phone-Wifi fa\" style=\" \"><\/i> <h4 class=\"service-heading\" >Give us a call<\/h4><p >+32 (0) 2 315 93 00<br \/>\n+32 (0) 472 13 21 23<\/p><\/div>[\/vc_column_inner][vc_column_inner width=&#8221;1\/3&#8243;]<div class=\"key-icon-box icon-default icon-top cont-center\" style=\"background-color: transparent; \" ><i class=\"iconsmind-Speach-BubbleDialog fa\" style=\" \"><\/i> <h4 class=\"service-heading\" >Let's chat<\/h4><\/div><div class=\"kd-social-profiles icon-center-align  bg-shape-none hover-default  \"  ><ul class=\"kd-social-list clearfix\"><li><a target=\"_blank\" href=\"https:\/\/www.facebook.com\/Skylabfactory\/\"><i class=\"fab fa-facebook-f\" ><\/i><\/a><\/li><li><a target=\"_blank\" href=\"https:\/\/www.linkedin.com\/company\/skylab-factory\/\"><i class=\"fab fa-linkedin-in\" ><\/i><\/a><\/li><li><a target=\"_blank\" href=\"https:\/\/www.instagram.com\/skylabfactory\/\"><i class=\"fab fa-instagram\" ><\/i><\/a><\/li><li><a target=\"_blank\" href=\"https:\/\/api.whatsapp.com\/send?phone=32496557812\"><i class=\"fab fa-whatsapp\" ><\/i><\/a><\/li><\/ul><\/div>[\/vc_column_inner][\/vc_row_inner][\/vc_column][\/vc_row][vc_row full_width=&#8221;stretch_row&#8221; css=&#8221;.vc_custom_1619686664839{margin-bottom: 50px !important;}&#8221;][vc_column css=&#8221;.vc_custom_1516095665984{padding-right: 0px !important;padding-left: 0px !important;}&#8221;][vc_row_inner][vc_column_inner offset=&#8221;vc_col-lg-12 vc_col-md-12&#8243;][vc_custom_heading text=&#8221;You can also contact us with this form. We will reply to your request with pleasure!&#8221; font_container=&#8221;tag:h6|text_align:center&#8221; use_theme_fonts=&#8221;yes&#8221;][vc_custom_heading text=&#8221;(*Required fields)&#8221; font_container=&#8221;tag:h6|font_size:12|text_align:center&#8221; use_theme_fonts=&#8221;yes&#8221;][vc_empty_space height=&#8221;20px&#8221;]<div class=\"kd-contact-form full-width-cf\" >\n<div class=\"wpcf7 no-js\" id=\"wpcf7-f9774-o1\" lang=\"en-US\" dir=\"ltr\" data-wpcf7-id=\"9774\">\n<div class=\"screen-reader-response\"><p role=\"status\" aria-live=\"polite\" aria-atomic=\"true\"><\/p> <ul><\/ul><\/div>\n<form action=\"\/en\/wp-json\/wp\/v2\/pages\/9632#wpcf7-f9774-o1\" method=\"post\" class=\"wpcf7-form init\" aria-label=\"Contact form\" novalidate=\"novalidate\" data-status=\"init\">\n<div style=\"display: none;\">\n<input type=\"hidden\" name=\"_wpcf7\" value=\"9774\" \/>\n<input type=\"hidden\" name=\"_wpcf7_version\" value=\"6.0.3\" \/>\n<input type=\"hidden\" name=\"_wpcf7_locale\" value=\"en_US\" \/>\n<input type=\"hidden\" name=\"_wpcf7_unit_tag\" value=\"wpcf7-f9774-o1\" \/>\n<input type=\"hidden\" name=\"_wpcf7_container_post\" value=\"0\" \/>\n<input type=\"hidden\" name=\"_wpcf7_posted_data_hash\" value=\"\" \/>\n<input type=\"hidden\" name=\"_wpcf7cf_hidden_group_fields\" value=\"[]\" \/>\n<input type=\"hidden\" name=\"_wpcf7cf_hidden_groups\" value=\"[]\" \/>\n<input type=\"hidden\" name=\"_wpcf7cf_visible_groups\" value=\"[]\" \/>\n<input type=\"hidden\" name=\"_wpcf7cf_repeaters\" value=\"[]\" \/>\n<input type=\"hidden\" name=\"_wpcf7cf_steps\" value=\"{}\" \/>\n<input type=\"hidden\" name=\"_wpcf7cf_options\" value=\"{&quot;form_id&quot;:9774,&quot;conditions&quot;:[],&quot;settings&quot;:{&quot;animation&quot;:&quot;yes&quot;,&quot;animation_intime&quot;:200,&quot;animation_outtime&quot;:200,&quot;conditions_ui&quot;:&quot;normal&quot;,&quot;notice_dismissed&quot;:false,&quot;notice_dismissed_update-cf7-5.7.3&quot;:true}}\" \/>\n<input type=\"hidden\" name=\"_wpcf7_recaptcha_response\" value=\"\" \/>\n<\/div>\n<p><span class=\"wpcf7-form-control-wrap\" data-name=\"nom\"><input size=\"40\" maxlength=\"400\" class=\"wpcf7-form-control wpcf7-text wpcf7-validates-as-required\" aria-required=\"true\" aria-invalid=\"false\" placeholder=\"Your name*\" value=\"\" type=\"text\" name=\"nom\" \/><\/span><br \/>\n<span class=\"wpcf7-form-control-wrap\" data-name=\"email\"><input size=\"40\" maxlength=\"400\" class=\"wpcf7-form-control wpcf7-email wpcf7-validates-as-required wpcf7-text wpcf7-validates-as-email\" aria-required=\"true\" aria-invalid=\"false\" placeholder=\"Your email*\" value=\"\" type=\"email\" name=\"email\" \/><\/span><br \/>\n<span class=\"wpcf7-form-control-wrap\" data-name=\"tel\"><input size=\"40\" maxlength=\"400\" class=\"wpcf7-form-control wpcf7-tel wpcf7-validates-as-required wpcf7-text wpcf7-validates-as-tel\" aria-required=\"true\" aria-invalid=\"false\" placeholder=\"Your phone number*\" value=\"\" type=\"tel\" name=\"tel\" \/><\/span><br \/>\n<span class=\"wpcf7-form-control-wrap\" data-name=\"taille\"><select class=\"wpcf7-form-control wpcf7-select wpcf7-validates-as-required\" aria-required=\"true\" aria-invalid=\"false\" name=\"taille\"><option value=\"Company size*\">Company size*<\/option><option value=\"1 to 3 people\">1 to 3 people<\/option><option value=\"3 to 10 people\">3 to 10 people<\/option><option value=\"More than 10 people\">More than 10 people<\/option><\/select><\/span><br \/>\n<span class=\"wpcf7-form-control-wrap\" data-name=\"Skylab\"><select class=\"wpcf7-form-control wpcf7-select wpcf7-validates-as-required\" aria-required=\"true\" aria-invalid=\"false\" name=\"Skylab\"><option value=\"Choose a center*\">Choose a center*<\/option><option value=\"Skylab Factory Brussels\">Skylab Factory Brussels<\/option><option value=\"Skylab Factory Mons\">Skylab Factory Mons<\/option><option value=\"Skylab Factory Mouscron\">Skylab Factory Mouscron<\/option><option value=\"Skylab Factory Tournai\">Skylab Factory Tournai<\/option><\/select><\/span><br \/>\n<span class=\"wpcf7-form-control-wrap\" data-name=\"message\"><textarea cols=\"40\" rows=\"10\" maxlength=\"2000\" class=\"wpcf7-form-control wpcf7-textarea\" aria-invalid=\"false\" placeholder=\"Describe your request here\" name=\"message\"><\/textarea><\/span><br \/>\n<span class=\"wpcf7-form-control-wrap\" data-name=\"RGPD\"><span class=\"wpcf7-form-control wpcf7-checkbox wpcf7-validates-as-required wpcf7-exclusive-checkbox\"><span class=\"wpcf7-list-item first last\"><label><input type=\"checkbox\" name=\"RGPD\" value=\"I declare that I have read the terms and conditions and the privacy policy and that I accept them.\" \/><span class=\"wpcf7-list-item-label\">I declare that I have read the terms and conditions and the privacy policy and that I accept them.<\/span><\/label><\/span><\/span><\/span><br \/>\n<input class=\"wpcf7-form-control wpcf7-submit has-spinner\" type=\"submit\" value=\"Send my request\" \/>\n<\/p><div class=\"wpcf7-response-output\" aria-hidden=\"true\"><\/div>\n<\/form>\n<\/div>\n<\/div>[\/vc_column_inner][\/vc_row_inner][vc_empty_space height=&#8221;20px&#8221;][\/vc_column][\/vc_row][vc_row full_width=&#8221;stretch_row_content_no_spaces&#8221; disable_element=&#8221;yes&#8221; css=&#8221;.vc_custom_1623998668337{padding-top: 100px !important;padding-bottom: 0px !important;}&#8221;][vc_column][vc_row_inner][vc_column_inner width=&#8221;1\/3&#8243;][\/vc_column_inner][vc_column_inner width=&#8221;1\/3&#8243; offset=&#8221;vc_col-lg-4 vc_col-md-12&#8243;]<header class=\"kd-section-title col-lg-12 text-center solid-line sep-border-width-2    \" ><h2 class=\"separator_on\" >Une \u00e9quipe \u00e0 l'\u00e9coute<\/h2><div class=\"kd-separator below_title\" ><div class=\"kd-separator-line\" ><\/div><\/div><h6 class=\"subtitle \" >Voici l\u2019\u00e9quipe Skylab Factory, nous sommes toujours disponible pour r\u00e9pondre au mieux \u00e0 vos attentes et questions.<\/h6><\/header>[\/vc_column_inner][vc_column_inner width=&#8221;1\/3&#8243;][\/vc_column_inner][\/vc_row_inner]\r\n                <div class=\"team-carousel kdteamc69deaf1438f20 tc-parent \">\r\n                    <div class=\"tc-content\"><div class=\"team-member design-creative  \" >\r\n                            <div class=\"team-content\" >\r\n                                <div class=\"team-image\"><img decoding=\"async\" src=\"https:\/\/www.leadengine-wp.com\/wp-content\/uploads\/2018\/01\/team1.jpg\"  \/><div class=\"team-content-hover\">\r\n                                <h4 >Guillaume Andrieux<\/h4>\r\n                                <span class=\"team-subtitle\" >Fonction<\/span>\r\n                                <p >guillaume@skylabfactory.com<\/p>\r\n                                <div class=\"team-socials\"><\/div>\r\n                            <\/div><\/div>\r\n                            <\/div>\r\n                        <\/div><div class=\"team-member design-creative  \" >\r\n                            <div class=\"team-content\" >\r\n                                <div class=\"team-image\"><img decoding=\"async\" src=\"https:\/\/www.leadengine-wp.com\/wp-content\/uploads\/2018\/01\/team2.jpg\"  \/><div class=\"team-content-hover\">\r\n                                <h4 >Hugo Soares<\/h4>\r\n                                <span class=\"team-subtitle\" >Fonction<\/span>\r\n                                <p >hugo@skylabfactory.com<\/p>\r\n                                <div class=\"team-socials\"><\/div>\r\n                            <\/div><\/div>\r\n                            <\/div>\r\n                        <\/div><div class=\"team-member design-creative  \" >\r\n                            <div class=\"team-content\" >\r\n                                <div class=\"team-image\"><img decoding=\"async\" src=\"https:\/\/www.leadengine-wp.com\/wp-content\/uploads\/2018\/01\/team3.jpg\"  \/><div class=\"team-content-hover\">\r\n                                <h4 >Enzo Nolf<\/h4>\r\n                                <span class=\"team-subtitle\" >Fonction<\/span>\r\n                                <p >enzo@skylabfactory.com<\/p>\r\n                                <div class=\"team-socials\"><\/div>\r\n                            <\/div><\/div>\r\n                            <\/div>\r\n                        <\/div><div class=\"team-member design-creative  \" >\r\n                            <div class=\"team-content\" >\r\n                                <div class=\"team-image\"><img decoding=\"async\" src=\"https:\/\/www.leadengine-wp.com\/wp-content\/uploads\/2018\/01\/team4.jpg\"  \/><div class=\"team-content-hover\">\r\n                                <h4 >Isa<\/h4>\r\n                                <span class=\"team-subtitle\" >Fonction<\/span>\r\n                                <p >isa@skylabfactory.com<\/p>\r\n                                <div class=\"team-socials\"><\/div>\r\n                            <\/div><\/div>\r\n                            <\/div>\r\n                        <\/div><div class=\"team-member design-creative  \" >\r\n                            <div class=\"team-content\" >\r\n                                <div class=\"team-image\"><img decoding=\"async\" src=\"https:\/\/www.leadengine-wp.com\/wp-content\/uploads\/2018\/01\/team5.jpg\"  \/><div class=\"team-content-hover\">\r\n                                <h4 >Jacky Nolf<\/h4>\r\n                                <span class=\"team-subtitle\" >Fonction<\/span>\r\n                                <p >jacky@skylabfactory.com<\/p>\r\n                                <div class=\"team-socials\"><\/div>\r\n                            <\/div><\/div>\r\n                            <\/div>\r\n                        <\/div><div class=\"team-member design-creative  \" >\r\n                            <div class=\"team-content\" >\r\n                                <div class=\"team-image\"><img decoding=\"async\" src=\"https:\/\/www.leadengine-wp.com\/wp-content\/uploads\/2018\/01\/team6.jpg\"  \/><div class=\"team-content-hover\">\r\n                                <h4 >...<\/h4>\r\n                                <span class=\"team-subtitle\" >Fonction<\/span>\r\n                                <p >....<\/p>\r\n                                <div class=\"team-socials\"><\/div>\r\n                            <\/div><\/div>\r\n                            <\/div>\r\n                        <\/div><\/div>\r\n                <\/div><script type=\"text\/javascript\">\r\n\r\n                    if (jQuery(\".team-carousel.kdteamc69deaf1438f20 .tc-content\").length) {\r\n                      var $owlkdteamc69deaf1438f20 = jQuery(\".team-carousel.kdteamc69deaf1438f20 .tc-content\");\r\n\r\n                      $owlkdteamc69deaf1438f20.children().each( function( index ) {\r\n                        jQuery(this).attr( \"data-position\", index );\r\n                      });\r\n\r\n                      jQuery(document).on(\"click\", \".team-carousel.kdteamc69deaf1438f20 .tc-content .owl-item>div\", function() {\r\n                        $owlkdteamc69deaf1438f20.trigger(\"to.owl.carousel\", jQuery(this).data( \"position\" ) );\r\n                      });\r\n\r\n                      jQuery(window).load(function() {\r\n                      jQuery(\".team-carousel.kdteamc69deaf1438f20 .tc-content\").owlCarousel({\r\n                        stageClass: \"owl-wrapper\",\r\n                        stageOuterClass: \"owl-wrapper-outer\",\r\n                        loadedClass: \"owl-carousel\",\r\n                        responsive:{\r\n                            0:{\r\n                                items:1,\r\n                            },\r\n                            768:{\r\n                                items:2,\r\n                            },\r\n                            1199:{\r\n                                items:3,\r\n                            },\r\n                            1366:{\r\n                                items: 5,\r\n                            }\r\n                        },\r\n                        items: 5,\r\n                        slideBy: 1,\r\n                        mouseDrag: false,\r\n                        center: true,\r\n                        loop: true,\r\n                        nav: false,\r\n                        dots: false,autoplay: true,\r\n                          rewind: true,autoplayTimeout: 10000,\r\n                        addClassActive: true,\r\n                      });\r\n                    });\r\n                    }\r\n          \t\t\t<\/script>[\/vc_column][\/vc_row][vc_row full_width=&#8221;stretch_row_content&#8221; css=&#8221;.vc_custom_1675758587054{margin-bottom: -40px !important;}&#8221; el_class=&#8221;carte-contact&#8221;][vc_column css=&#8221;.vc_custom_1675758293064{padding-right: 0px !important;padding-left: 0px !important;}&#8221;][vc_raw_html css=&#8221;.vc_custom_1675758421390{margin-top: -48px !important;margin-bottom: -10px !important;}&#8221;]JTNDaWZyYW1lJTIwY2xhc3MlM0QlMjJjYXJ0ZSUyMiUyMHNyYyUzRCUyMmh0dHBzJTNBJTJGJTJGd3d3Lmdvb2dsZS5jb20lMkZtYXBzJTJGZCUyRnUlMkYzJTJGZW1iZWQlM0ZtaWQlM0QxcU8xc0IxZzJHODVzOTRoRzVpWmh6WElwMy10OWdZOCUyNmVoYmMlM0QyRTMxMkYlMjIlMjB3aWR0aCUzRCUyMjEwMCUyNSUyMiUyMGhlaWdodCUzRCUyMjQ4MCUyMiUzRSUzQyUyRmlmcmFtZSUzRQ==[\/vc_raw_html][\/vc_column][\/vc_row]<\/p>\n","protected":false},"excerpt":{"rendered":"<p>[vc_row full_width=&#8221;stretch_row&#8221; content_placement=&#8221;middle&#8221; css=&#8221;.vc_custom_1675757284168{padding-top: 200px !important;padding-bottom: 200px !important;background-image: url(https:\/\/skylabfactory.com\/wp-content\/uploads\/2023\/02\/Nous-contacter.jpg?id=8949) !important;background-position: center !important;background-repeat: no-repeat !important;background-size: cover !important;}&#8221;][vc_column][vc_row_inner][vc_column_inner offset=&#8221;vc_hidden-lg&#8221;][vc_empty_space height=&#8221;50px&#8221;][\/vc_column_inner][\/vc_row_inner][\/vc_column][\/vc_row][vc_row css=&#8221;.vc_custom_1622718516491{margin-bottom: 40px !important;padding-top: 50px !important;background-color: #ffffff !important;}&#8221;][vc_column][vc_row_inner][vc_column_inner offset=&#8221;vc_hidden-lg vc_hidden-md&#8221;][vc_empty_space [&hellip;]<\/p>\n","protected":false},"author":5,"featured_media":0,"parent":0,"menu_order":0,"comment_status":"closed","ping_status":"closed","template":"","meta":{"inline_featured_image":false,"footnotes":""},"class_list":["post-9632","page","type-page","status-publish","hentry"],"yoast_head":"<!-- This site is optimized with the Yoast SEO plugin v24.4 - https:\/\/yoast.com\/wordpress\/plugins\/seo\/ -->\n<title>Skylab Factory - Contact<\/title>\n<meta name=\"description\" content=\"Vous souhaitez visiter l&#039;un de nos centres ou obtenir plus d&#039;informations sur le Skylab Factory ? Contactez-nous.\" \/>\n<meta name=\"robots\" content=\"index, follow, max-snippet:-1, max-image-preview:large, max-video-preview:-1\" \/>\n<link rel=\"canonical\" href=\"https:\/\/skylabfactory.com\/en\/contact\/\" \/>\n<meta property=\"og:locale\" content=\"en_US\" \/>\n<meta property=\"og:type\" content=\"article\" \/>\n<meta property=\"og:title\" content=\"Skylab Factory - Contact\" \/>\n<meta property=\"og:description\" content=\"Vous souhaitez visiter l&#039;un de nos centres ou obtenir plus d&#039;informations sur le Skylab Factory ? Contactez-nous.\" \/>\n<meta property=\"og:url\" content=\"https:\/\/skylabfactory.com\/en\/contact\/\" \/>\n<meta property=\"og:site_name\" content=\"Skylab Factory\" \/>\n<meta property=\"article:publisher\" content=\"https:\/\/www.facebook.com\/Skylabfactory\/\" \/>\n<meta property=\"article:modified_time\" content=\"2023-07-24T08:32:46+00:00\" \/>\n<meta property=\"og:image\" content=\"https:\/\/skylabfactory.com\/wp-content\/uploads\/2021\/06\/Skylab-Mons-28.jpg\" \/>\n\t<meta property=\"og:image:width\" content=\"1500\" \/>\n\t<meta property=\"og:image:height\" content=\"1000\" \/>\n\t<meta property=\"og:image:type\" content=\"image\/jpeg\" \/>\n<meta name=\"twitter:label1\" content=\"Est. reading time\" \/>\n\t<meta name=\"twitter:data1\" content=\"2 minutes\" \/>\n<script type=\"application\/ld+json\" class=\"yoast-schema-graph\">{\"@context\":\"https:\/\/schema.org\",\"@graph\":[{\"@type\":\"WebPage\",\"@id\":\"https:\/\/skylabfactory.com\/en\/contact\/\",\"url\":\"https:\/\/skylabfactory.com\/en\/contact\/\",\"name\":\"Skylab Factory - Contact\",\"isPartOf\":{\"@id\":\"https:\/\/skylabfactory.com\/en\/#website\"},\"datePublished\":\"2018-01-22T11:19:51+00:00\",\"dateModified\":\"2023-07-24T08:32:46+00:00\",\"description\":\"Vous souhaitez visiter l'un de nos centres ou obtenir plus d'informations sur le Skylab Factory ? Contactez-nous.\",\"breadcrumb\":{\"@id\":\"https:\/\/skylabfactory.com\/en\/contact\/#breadcrumb\"},\"inLanguage\":\"en-US\",\"potentialAction\":[{\"@type\":\"ReadAction\",\"target\":[\"https:\/\/skylabfactory.com\/en\/contact\/\"]}]},{\"@type\":\"BreadcrumbList\",\"@id\":\"https:\/\/skylabfactory.com\/en\/contact\/#breadcrumb\",\"itemListElement\":[{\"@type\":\"ListItem\",\"position\":1,\"name\":\"Accueil\",\"item\":\"https:\/\/skylabfactory.com\/en\/\"},{\"@type\":\"ListItem\",\"position\":2,\"name\":\"Contact\"}]},{\"@type\":\"WebSite\",\"@id\":\"https:\/\/skylabfactory.com\/en\/#website\",\"url\":\"https:\/\/skylabfactory.com\/en\/\",\"name\":\"Skylab Factory\",\"description\":\"\",\"potentialAction\":[{\"@type\":\"SearchAction\",\"target\":{\"@type\":\"EntryPoint\",\"urlTemplate\":\"https:\/\/skylabfactory.com\/en\/?s={search_term_string}\"},\"query-input\":{\"@type\":\"PropertyValueSpecification\",\"valueRequired\":true,\"valueName\":\"search_term_string\"}}],\"inLanguage\":\"en-US\"}]}<\/script>\n<!-- \/ Yoast SEO plugin. -->","yoast_head_json":{"title":"Skylab Factory - Contact","description":"Vous souhaitez visiter l'un de nos centres ou obtenir plus d'informations sur le Skylab Factory ? Contactez-nous.","robots":{"index":"index","follow":"follow","max-snippet":"max-snippet:-1","max-image-preview":"max-image-preview:large","max-video-preview":"max-video-preview:-1"},"canonical":"https:\/\/skylabfactory.com\/en\/contact\/","og_locale":"en_US","og_type":"article","og_title":"Skylab Factory - Contact","og_description":"Vous souhaitez visiter l'un de nos centres ou obtenir plus d'informations sur le Skylab Factory ? Contactez-nous.","og_url":"https:\/\/skylabfactory.com\/en\/contact\/","og_site_name":"Skylab Factory","article_publisher":"https:\/\/www.facebook.com\/Skylabfactory\/","article_modified_time":"2023-07-24T08:32:46+00:00","og_image":[{"width":1500,"height":1000,"url":"https:\/\/skylabfactory.com\/wp-content\/uploads\/2021\/06\/Skylab-Mons-28.jpg","type":"image\/jpeg"}],"twitter_misc":{"Est. reading time":"2 minutes"},"schema":{"@context":"https:\/\/schema.org","@graph":[{"@type":"WebPage","@id":"https:\/\/skylabfactory.com\/en\/contact\/","url":"https:\/\/skylabfactory.com\/en\/contact\/","name":"Skylab Factory - Contact","isPartOf":{"@id":"https:\/\/skylabfactory.com\/en\/#website"},"datePublished":"2018-01-22T11:19:51+00:00","dateModified":"2023-07-24T08:32:46+00:00","description":"Vous souhaitez visiter l'un de nos centres ou obtenir plus d'informations sur le Skylab Factory ? Contactez-nous.","breadcrumb":{"@id":"https:\/\/skylabfactory.com\/en\/contact\/#breadcrumb"},"inLanguage":"en-US","potentialAction":[{"@type":"ReadAction","target":["https:\/\/skylabfactory.com\/en\/contact\/"]}]},{"@type":"BreadcrumbList","@id":"https:\/\/skylabfactory.com\/en\/contact\/#breadcrumb","itemListElement":[{"@type":"ListItem","position":1,"name":"Accueil","item":"https:\/\/skylabfactory.com\/en\/"},{"@type":"ListItem","position":2,"name":"Contact"}]},{"@type":"WebSite","@id":"https:\/\/skylabfactory.com\/en\/#website","url":"https:\/\/skylabfactory.com\/en\/","name":"Skylab Factory","description":"","potentialAction":[{"@type":"SearchAction","target":{"@type":"EntryPoint","urlTemplate":"https:\/\/skylabfactory.com\/en\/?s={search_term_string}"},"query-input":{"@type":"PropertyValueSpecification","valueRequired":true,"valueName":"search_term_string"}}],"inLanguage":"en-US"}]}},"_links":{"self":[{"href":"https:\/\/skylabfactory.com\/en\/wp-json\/wp\/v2\/pages\/9632","targetHints":{"allow":["GET"]}}],"collection":[{"href":"https:\/\/skylabfactory.com\/en\/wp-json\/wp\/v2\/pages"}],"about":[{"href":"https:\/\/skylabfactory.com\/en\/wp-json\/wp\/v2\/types\/page"}],"author":[{"embeddable":true,"href":"https:\/\/skylabfactory.com\/en\/wp-json\/wp\/v2\/users\/5"}],"replies":[{"embeddable":true,"href":"https:\/\/skylabfactory.com\/en\/wp-json\/wp\/v2\/comments?post=9632"}],"version-history":[{"count":3,"href":"https:\/\/skylabfactory.com\/en\/wp-json\/wp\/v2\/pages\/9632\/revisions"}],"predecessor-version":[{"id":9745,"href":"https:\/\/skylabfactory.com\/en\/wp-json\/wp\/v2\/pages\/9632\/revisions\/9745"}],"wp:attachment":[{"href":"https:\/\/skylabfactory.com\/en\/wp-json\/wp\/v2\/media?parent=9632"}],"curies":[{"name":"wp","href":"https:\/\/api.w.org\/{rel}","templated":true}]}}