{"id":9636,"date":"2021-04-29T10:07:22","date_gmt":"2021-04-29T10:07:22","guid":{"rendered":"https:\/\/skylabfactory.com\/confidentialite\/"},"modified":"2023-07-17T09:16:46","modified_gmt":"2023-07-17T09:16:46","slug":"privacy-policy","status":"publish","type":"page","link":"https:\/\/skylabfactory.com\/en\/privacy-policy\/","title":{"rendered":"Privacy Policy"},"content":{"rendered":"<p>[vc_row css=&#8221;.vc_custom_1619709093242{background-color: #ffffff !important;}&#8221;][vc_column css=&#8221;.vc_custom_1513687155962{padding-right: 0px !important;padding-left: 0px !important;}&#8221;][vc_column_text]Il est normal que vous accordiez une importance particuli\u00e8re \u00e0 la mani\u00e8re dont vos donn\u00e9es sont obtenues, utilis\u00e9es et partag\u00e9es.<\/p>\n<p>La pr\u00e9sente politique de protection des donn\u00e9es \u00e0 caract\u00e8re personnel (la \u00ab Politique \u00bb) illustre l\u2019engagement de Skylab Factory \u2013 Soci\u00e9t\u00e9 coop\u00e9rative \u00e0 responsabilit\u00e9 limit\u00e9e sous le num\u00e9ro BE 0683.649.466 et dont les bureaux sont situ\u00e9s au 16, Passage Saint-Paul \u00e0 Mouscron \u2013 en tant que responsable de traitement eu \u00e9gard au respect de la vie priv\u00e9e et \u00e0 la protection des donn\u00e9es \u00e0 caract\u00e8re personnel de ses utilisateurs et clients.<\/p>\n<p>Aussi, la pr\u00e9sente politique de protection des donn\u00e9es \u00e0 caract\u00e8re personnel (la \u00ab Politique \u00bb) a \u00e9t\u00e9 r\u00e9dig\u00e9e pour vous permettre de prendre connaissance des pratiques et des conditions dans lesquelles Skylab Factory recueille, utilise et conserve vos donn\u00e9es \u00e0 caract\u00e8re personnel (les \u00ab Donn\u00e9es \u00bb).<\/p>\n<p>Vous y trouverez les diff\u00e9rentes Donn\u00e9es que nous pouvons collecter et traiter ou que vous pouvez nous transmettre lorsque vous acc\u00e9dez et\/ou utilisez notre site internet.<\/p>\n<p>Compte tenu de l\u2019\u00e9volution constante des lois et r\u00e8glements en mati\u00e8re de technologie et de protection des donn\u00e9es \u00e0 caract\u00e8re personnel, il est probable que la pr\u00e9sente Politique soit mise \u00e0 jour.<\/p>\n<p>Si vous \u00eates inscrit \u00e0 la newsletter de ce Site, vous serez inform\u00e9 de ses \u00e9ventuelles modifications par mail. Si l\u2019une quelconque des clauses de la pr\u00e9sente Politique devait \u00eatre d\u00e9clar\u00e9e nulle ou contraire \u00e0 la r\u00e9glementation, elle sera r\u00e9put\u00e9e non \u00e9crite mais n\u2019entra\u00eenera pas la nullit\u00e9 des autres clauses de la pr\u00e9sente Politique.<\/p>\n<p>La pr\u00e9sente Politique trouve \u00e0 s\u2019appliquer pour les Donn\u00e9es collect\u00e9es :<\/p>\n<ul>\n<li>Via le site ;<\/li>\n<li>Via les mails \u00e9chang\u00e9s entre Skylab Factory et vous ou tout autre outil de messagerie \u00e9lectronique ;<\/li>\n<li>Lorsque vous cr\u00e9ez un compte d\u2019utilisateur sur le Site ;<\/li>\n<li>Lorsque vous vous inscrivez \u00e0 la Newsletter du Site (la \u00ab Newsletter \u00bb).<\/li>\n<\/ul>\n<p>Elle ne s\u2019applique pas aux informations collect\u00e9es par toutes tierces parties ou par le biais de sites g\u00e9r\u00e9s par ces derni\u00e8res ; y compris via des applications ou contenus (y compris les publicit\u00e9s) redirigeant l\u2019utilisateur vers les Sites.<\/p>\n<p>Nous vous remercions de lire attentivement la Politique pour comprendre clairement nos pratiques concernant le traitement de vos Donn\u00e9es et vous informons que la consultation et\/ou l\u2019utilisation de nos Sites entra\u00eene n\u00e9cessairement l\u2019acceptation de la pr\u00e9sente Politique. Si cette derni\u00e8re n\u2019obtient pas votre adh\u00e9sion, nous vous invitons \u00e0 ne pas utiliser notre site. Il vous appartient de vous assurer que les Donn\u00e9es communiqu\u00e9es \u00e0 Skylab Factory sont compl\u00e8tes, exactes et \u00e0 jour.<\/p>\n<h3>1. Collecte des donn\u00e9es<\/h3>\n<p>Lors d\u2019une visite du site <a href=\"https:\/\/www.skylabfactory.com\">https:\/\/www.skylabfactory.com<\/a> sans enregistrement (du type login ou autre) de votre part sur un emplacement s\u00e9curis\u00e9, Skylab Factory ne recueille pas de donn\u00e9es personnelles.<br \/>\nNous recueillons des informations uniquement lorsque vous vous inscrivez sur notre site, lorsque vous vous connectez \u00e0 votre compte, faites un achat, participez \u00e0 un concours, et \/ ou lorsque vous vous d\u00e9connectez.<br \/>\nSkylab Factory peut enregistrer certaines informations \u00e0 des fins statistiques, administratives ou d\u2019am\u00e9lioration du Site, sans que celles-ci permettent la r\u00e9v\u00e9lation de donn\u00e9es personnelles ou l\u2019identification d\u2019un visiteur individuel.<\/p>\n<p>Pour r\u00e9sum\u00e9, nous sommes susceptibles de collecter les Donn\u00e9es suivantes :<\/p>\n<ul>\n<li>Votre adresse \u00e9lectronique vous sera n\u00e9cessairement demand\u00e9e si vous souhaitez cr\u00e9er un compte d\u2019utilisateur, communiquer avec nous via les formulaires de contact et\/ou recevoir notre Newsletter ;<\/li>\n<li>Les Donn\u00e9es relatives \u00e0 votre identit\u00e9 telles que votre nom, pr\u00e9nom, adresse \u00e9lectronique, num\u00e9ro de t\u00e9l\u00e9phone pourront vous \u00eatre demand\u00e9es ;<\/li>\n<li>Les Donn\u00e9es relatives \u00e0 la navigation : il s\u2019agit des Donn\u00e9es relatives \u00e0 la mani\u00e8re dont vous utilisez les Sites comprenant : l\u2019adresse IP, le navigateur utilis\u00e9, la dur\u00e9e de navigation, l\u2019historique des recherches, le syst\u00e8me d\u2019exploitation utilis\u00e9, la langue et les pages visualis\u00e9es ;<\/li>\n<li>Les Donn\u00e9es concernant vos visites sur nos Sites, y compris les donn\u00e9es de trafic, les fichiers de journal et autres donn\u00e9es ou ressources de communication que vous utilisez en acc\u00e9dant \u00e0 nos Sites ;<\/li>\n<li>Les Donn\u00e9es relatives aux commandes : votre adresse postale est n\u00e9cessaire \u00e0 l\u2019\u00e9tablissement des factures. De m\u00eame, vos coordonn\u00e9es bancaires devront \u00eatre renseign\u00e9es pour proc\u00e9der au paiement de votre commande ;<\/li>\n<li>Les Donn\u00e9es relatives \u00e0 l\u2019utilisation des r\u00e9seaux sociaux lorsque vous en utilisez les fonctionnalit\u00e9s.<\/li>\n<li>Les Donn\u00e9es peuvent \u00eatre collect\u00e9es de diff\u00e9rentes fa\u00e7ons. Les Donn\u00e9es peuvent \u00eatre collect\u00e9es de mani\u00e8re directe lorsque vous nous les transf\u00e9rez au moyen des formulaires de contact et de cr\u00e9ation de compte d\u2019utilisateur, d\u2019inscription \u00e0 la Newsletter disponibles sur le Site et\/ou communiqu\u00e9es lorsque vous nous contactez par t\u00e9l\u00e9phone.<\/li>\n<\/ul>\n<p>Lorsque vous nous contactez selon ces diff\u00e9rents moyens, une copie de vos \u00e9changes avec Skylab Factory y compris les adresses courriels, est effectu\u00e9e et archiv\u00e9e.<\/p>\n<p>Skylab Factory collecte \u00e9galement de mani\u00e8re indirecte vos Donn\u00e9es au moyen de cookies\/traceurs. Nous vous invitons \u00e0 prendre connaissance de notre Politique de cookies, destin\u00e9e \u00e0 vous aider \u00e0 mieux comprendre ces technologies et l\u2019utilisation que nous en faisons sur nos Sites et dans le cadre de nos services, applications et outils.<\/p>\n<h3>2. Utilisation des donn\u00e9es<\/h3>\n<p>Toutes les informations que nous recueillons aupr\u00e8s de vous peuvent \u00eatre utilis\u00e9es pour :<\/p>\n<ul>\n<li>Personnaliser votre exp\u00e9rience et r\u00e9pondre \u00e0 vos besoins individuels<\/li>\n<li>Fournir un contenu publicitaire personnalis\u00e9<\/li>\n<li>Am\u00e9liorer notre site Web<\/li>\n<li>Am\u00e9liorer le service client et vos besoins de prise en charge<\/li>\n<li>Vous contacter par e-mail<\/li>\n<li>Administrer un concours, une promotion, ou une enqu\u00eate<\/li>\n<\/ul>\n<h3>3. Confidentialit\u00e9 des donn\u00e9es<\/h3>\n<p>Nous sommes les seuls propri\u00e9taires des informations recueillies sur ce site. Vos informations personnelles ne seront pas vendues, \u00e9chang\u00e9es, transf\u00e9r\u00e9es, ou donn\u00e9es \u00e0 une autre soci\u00e9t\u00e9 pour n\u2019importe quelle raison, sans votre consentement, en dehors de ce qui est n\u00e9cessaire pour r\u00e9pondre \u00e0 une demande et \/ ou une transaction, comme par exemple pour exp\u00e9dier une commande.<\/p>\n<h3>4. Dur\u00e9e de conservation des donn\u00e9es<\/h3>\n<p>Skylab Factory ne conserve vos Donn\u00e9es que pour la dur\u00e9e n\u00e9cessaire aux finalit\u00e9s expos\u00e9es \u00e0 l\u2019Article 2. Cette dur\u00e9e de conservation n\u2019est pas la m\u00eame selon les Donn\u00e9es en cause, la nature et la finalit\u00e9 de la collecte \u00e9tant susceptible de faire varier cette dur\u00e9e. De m\u00eame, certaines obligations l\u00e9gales imposent une dur\u00e9e de conservation sp\u00e9cifique. Lorsque vous \u00eates inscrit \u00e0 la Newsletter, nous conservons votre adresse courriel jusqu\u2019\u00e0 votre d\u00e9sinscription.<\/p>\n<p>Lorsque vous prenez contact avec Skylab Factory gr\u00e2ce aux diff\u00e9rents formulaires de contact, e-mail ou que vous communiquez avec nous par t\u00e9l\u00e9phone, vos donn\u00e9es seront conserv\u00e9es jusqu\u2019\u00e0 cinq (5) ans \u00e0 compter du dernier contact. S\u2019agissant de votre compte d\u2019utilisateur, vos donn\u00e9es de facturation sont conserv\u00e9es pendant dix (10) ans \u00e0 compter de la date d\u2019achat. Le reste de vos donn\u00e9es seront conserv\u00e9es pendant cinq (5) ans \u00e0 compter de votre demande de d\u00e9sactivation de votre compte d\u2019utilisateur. Vos coordonn\u00e9es de carte bancaire, pour tout achat, seront conserv\u00e9es pendant treize (13) mois \u00e0 compter de la date de d\u00e9bit, en cas d\u2019\u00e9ventuelles contestations de la transaction. Lorsque vous le demandez, votre compte d\u2019utilisateur du Site sera d\u00e9sactiv\u00e9, puis totalement supprim\u00e9 \u00e0 l\u2019issue des dur\u00e9es susmentionn\u00e9es \u00e0 compter du jour o\u00f9 vous en avez formul\u00e9 la demande.<\/p>\n<p>Enfin, s\u2019agissant des Donn\u00e9es collect\u00e9es au moyen des cookies ou traceurs, elles seront conserv\u00e9es jusqu\u2019\u00e0 six (6) mois pour les cookies ou traceurs mesurant l\u2019audience et jusqu\u2019\u00e0 treize (13) mois pour les autres. Au-del\u00e0 des dur\u00e9es de conservation susmentionn\u00e9es, vos Donn\u00e9es seront anonymis\u00e9es pour \u00eatre conserv\u00e9es \u00e0 des fins exclusivement statistiques.<\/p>\n<h3>5. Protection des donn\u00e9es personnelles<\/h3>\n<p>Nous mettons en \u0153uvre une vari\u00e9t\u00e9 de mesures de s\u00e9curit\u00e9 pour pr\u00e9server la s\u00e9curit\u00e9 de vos informations personnelles. Nous utilisons un cryptage \u00e0 la pointe de la technologie pour prot\u00e9ger les informations sensibles transmises en ligne. Nous prot\u00e9geons \u00e9galement vos informations hors ligne. Seuls les employ\u00e9s qui ont besoin d\u2019effectuer un travail sp\u00e9cifique (par exemple, la facturation ou le service \u00e0 la client\u00e8le) ont acc\u00e8s aux informations personnelles identifiables. Les ordinateurs et serveurs utilis\u00e9s pour stocker des informations personnelles identifiables sont conserv\u00e9s dans un environnement s\u00e9curis\u00e9.<\/p>\n<h3><strong>6. Quels sont vos droits ?<\/strong><\/h3>\n<p>Conform\u00e9ment \u00e0 la loi belge du 8 d\u00e9cembre 1992 relative \u00e0 la protection de la vie priv\u00e9e \u00e0 l\u2019\u00e9gard des traitements de donn\u00e9es \u00e0 caract\u00e8re personnel et, \u00e0 partir du 25 mai 2018, au R\u00e8glement Europ\u00e9en 2016\/679 du Parlement Europ\u00e9en et du Conseil du 27 avril 2016 relatif \u00e0 la protection des personnes physiques \u00e0 l\u2019\u00e9gard du traitement des donn\u00e9es \u00e0 caract\u00e8re personnel et \u00e0 la libre circulation de ces donn\u00e9es, et abrogeant la Directive 95\/46\/CE (R\u00e8glement G\u00e9n\u00e9ral sur la Protection des Donn\u00e9es), les utilisateurs dont les donn\u00e9es ont \u00e9t\u00e9 collect\u00e9es disposent du droit de consulter ces donn\u00e9es, de demander leur correction ou, si n\u00e9cessaire, leur suppression.<\/p>\n<p>Les utilisateurs peuvent \u00e9galement s\u2019opposer au traitement des donn\u00e9es les concernant. Ces droits peuvent \u00eatre exerc\u00e9s en adressant une demande \u00e9crite par e-mail \u00e0 l\u2019adresse :<\/p>\n<p>Skylab Factory<br \/>\nPassage Saint-Paul, 16<br \/>\n7700 Mouscron<br \/>\nT\u00e9l. : +32 (0) 56 94 14 73<br \/>\nE-mail : contact@skylabfactory.com<\/p>\n<p>Les plaintes en cas de violation des r\u00e8gles belges applicables en mati\u00e8re de protection des donn\u00e9es \u00e0 caract\u00e8re personnel sur ce Site Web peuvent \u00eatre adress\u00e9es \u00e0 la Commission Belge de la Protection de la Vie Priv\u00e9e, \u00e0 l\u2019adresse commission@privacycommission.be.<\/p>\n<h3>7. Divulgation \u00e0 des tiers<\/h3>\n<p>Nous ne vendons, n\u2019\u00e9changeons et ne transf\u00e9rons pas vos informations personnelles identifiables \u00e0 des tiers. Cela ne comprend pas les tierce parties de confiance qui nous aident \u00e0 exploiter notre site Web ou \u00e0 mener nos affaires, tant que ces parties conviennent de garder ces informations confidentielles.<\/p>\n<p>Nous pensons qu\u2019il est n\u00e9cessaire de partager des informations afin d\u2019enqu\u00eater, de pr\u00e9venir ou de prendre des mesures concernant des activit\u00e9s ill\u00e9gales, fraudes pr\u00e9sum\u00e9es, situations impliquant des menaces potentielles \u00e0 la s\u00e9curit\u00e9 physique de toute personne, violations de nos conditions d\u2019utilisation, ou quand la loi nous y contraint.<\/p>\n<p>Les informations non-priv\u00e9es, cependant, peuvent \u00eatre fournies \u00e0 d\u2019autres parties pour le marketing, la publicit\u00e9, ou d\u2019autres utilisations.<\/p>\n<h3>8. Les cookies et autres traceurs<\/h3>\n<p>Un \u00ab cookie \u00bb est un petit fichier enregistr\u00e9 sur le disque dur de votre ordinateur lors de la visite d\u2019un site ou de la consultation d\u2019une publicit\u00e9. Ces cookies sont utilis\u00e9s afin d\u2019am\u00e9liorer votre exp\u00e9rience utilisateur en vous proposant des services ou des offres correspondant \u00e0 vos centres d\u2019int\u00e9r\u00eat. Vous pouvez \u00e0 tout moment refuser leur utilisation en configurant votre navigateur Internet.<br \/>\nLa nature et l\u2019objectif des cookies utilis\u00e9s par le Site Web sont d\u00e9taill\u00e9s ci-dessous. Certains cookies sont n\u00e9cessaires pour certaines fonctions techniques du Site Web et ne seront enregistr\u00e9s que pour une p\u00e9riode limit\u00e9e.<\/p>\n<p><strong><em>Les types de cookies utilis\u00e9s<\/em><\/strong><\/p>\n<ul>\n<li>La mesure d\u2019audience (Google Analytics) : Les outils de mesures d\u2019audience sont d\u00e9ploy\u00e9s afin d\u2019obtenir des informations sur la navigation des visiteurs. Leur objectif est de permettre l\u2019analyse des comportements de navigation sur le site \u00e0 des fins d\u2019optimisation.<\/li>\n<li>Les boutons sociaux: Notre site peut contenir des applications informatiques \u00e9manant de tiers. Ce peut \u00eatre notamment le cas avec des boutons\/liens avec des r\u00e9seaux sociaux (c\u2019est notamment le cas des boutons \u00ab Partager \u00bb, \u00ab J\u2019aime \u00bb, issus de r\u00e9seaux sociaux tels que Facebook, Twitter\u2026). Nous vous invitons d\u00e8s lors \u00e0 consulter leur politique de gestion de cookies et notamment de protection de la vie priv\u00e9e.<\/li>\n<li>La publicit\u00e9: Il s\u2019agit des cookies utilis\u00e9s sur notre site ou en dehors de notre site pour vous pr\u00e9senter des publicit\u00e9s ou vous adresser des informations adapt\u00e9es \u00e0 vos centres d\u2019int\u00e9r\u00eat. Les cookies publicitaires sont notamment utilis\u00e9s pour limiter le nombre de fois o\u00f9 vous voyez une publicit\u00e9 et nous aident \u00e0 mesurer l\u2019efficacit\u00e9 d\u2019une campagne publicitaire.<\/li>\n<\/ul>\n<p><strong><em>La gestion des cookies<\/em><\/strong><\/p>\n<p>Pour accepter ou refuser l\u2019installation de cookies, vous devez param\u00e9trer votre navigateur Internet. La configuration de chaque navigateur \u00e9tant diff\u00e9rente, elle est d\u00e9crite dans le menu d\u2019aide de votre navigateur, qui vous permettra de savoir de quelle mani\u00e8re modifier vos souhaits en mati\u00e8re de cookies.<\/p>\n<p>Vous pouvez les d\u00e9sactiver de la fa\u00e7on suivante :<\/p>\n<p>Internet Explorer<\/p>\n<ul>\n<li>Choisissez le menu \u00ab Outils \u00bb, puis \u00ab Options Internet \u00bb<\/li>\n<li>Cliquez sur l\u2019onglet \u00ab Confidentialit\u00e9 \u00bb<\/li>\n<li>S\u00e9lectionnez le niveau souhait\u00e9 \u00e0 l\u2019aide du curseur<\/li>\n<\/ul>\n<p>Mozilla Firefox<\/p>\n<ul>\n<li>Choisissez le menu \u00ab Outils \u00bb puis \u00ab Options \u00bb<\/li>\n<li>Cliquez sur l\u2019onglet \u00ab Vie priv\u00e9e \u00bb<\/li>\n<li>Dans la liste d\u00e9roulante \u00ab R\u00e8gles de conservation \u00bb s\u00e9lectionnez le niveau souhait\u00e9<\/li>\n<\/ul>\n<p>Google Chrome<\/p>\n<ul>\n<li>Entrez l\u2019adresse chrome:\/\/settings\/ dans la barre d\u2019adresse du navigateur<\/li>\n<li>Cliquez sur \u00ab param\u00e8tres avanc\u00e9s \u00bb puis \u00ab param\u00e8tres de contenu \u00bb puis \u00ab cookies \u00bb<\/li>\n<li>Configurez votre navigateur comme vous le souhaitez<\/li>\n<\/ul>\n<p>Safari<\/p>\n<ul>\n<li>Cliquez dans le menu \u00ab Safari \u00bb<\/li>\n<li>Cliquez sur \u00ab Pr\u00e9f\u00e9rences \u00bb<\/li>\n<li>Dans l\u2019onglet \u00ab S\u00e9curit\u00e9 \u00bb s\u00e9lectionnez le niveau souhait\u00e9<\/li>\n<\/ul>\n<p>Veuillez noter qu\u2019il est possible que la suppression des cookies rende la navigation plus difficile, voire impossible.<\/p>\n<h3>9. Se d\u00e9sabonner<\/h3>\n<p>Nous utilisons l\u2019adresse e-mail que vous fournissez pour vous envoyer des informations et mises \u00e0 jour relatives \u00e0 votre commande, des nouvelles de l\u2019entreprise de fa\u00e7on occasionnelle, des informations sur des produits li\u00e9s, etc. Si \u00e0 n\u2019importe quel moment vous souhaitez vous d\u00e9sinscrire et ne plus recevoir d\u2019e-mails, des instructions de d\u00e9sabonnement d\u00e9taill\u00e9es sont incluses en bas de chaque e-mail.<\/p>\n<h3>10. Consentement<\/h3>\n<p>En utilisant notre site, vous consentez \u00e0 notre politique de confidentialit\u00e9.<\/p>\n<h3>11. R\u00e9alisation et h\u00e9bergement du site<\/h3>\n<p>Le Site Internet Skylab Factory a \u00e9t\u00e9 r\u00e9alis\u00e9 par:<\/p>\n<p>L.M. SPRL<br \/>\nT\u00e9l. : +32 (0) 56 33 08 31<br \/>\nE-mail : info@lmstudio.be<\/p>\n<p>Le site internet est h\u00e9berg\u00e9 chez :<\/p>\n<p>OVH.com<br \/>\n2 rue Kellermann<br \/>\n59100 Roubaix \u2013 France<br \/>\nT\u00e9l. : 0 899 498 765[\/vc_column_text][\/vc_column][\/vc_row]<\/p>\n","protected":false},"excerpt":{"rendered":"<p>[vc_row css=&#8221;.vc_custom_1619709093242{background-color: #ffffff !important;}&#8221;][vc_column css=&#8221;.vc_custom_1513687155962{padding-right: 0px !important;padding-left: 0px !important;}&#8221;][vc_column_text]Il est normal que vous accordiez une importance particuli\u00e8re \u00e0 la mani\u00e8re dont vos donn\u00e9es sont obtenues, utilis\u00e9es et [&hellip;]<\/p>\n","protected":false},"author":5,"featured_media":0,"parent":0,"menu_order":0,"comment_status":"closed","ping_status":"closed","template":"","meta":{"inline_featured_image":false,"footnotes":""},"class_list":["post-9636","page","type-page","status-publish","hentry"],"yoast_head":"<!-- This site is optimized with the Yoast SEO plugin v24.4 - https:\/\/yoast.com\/wordpress\/plugins\/seo\/ -->\n<title>Privacy Policy - Skylab Factory<\/title>\n<meta name=\"robots\" content=\"index, follow, max-snippet:-1, max-image-preview:large, max-video-preview:-1\" \/>\n<link rel=\"canonical\" href=\"https:\/\/skylabfactory.com\/en\/privacy-policy\/\" \/>\n<meta property=\"og:locale\" content=\"en_US\" \/>\n<meta property=\"og:type\" content=\"article\" \/>\n<meta property=\"og:title\" content=\"Privacy Policy - Skylab Factory\" \/>\n<meta property=\"og:description\" content=\"[vc_row css=&#8221;.vc_custom_1619709093242{background-color: #ffffff !important;}&#8221;][vc_column css=&#8221;.vc_custom_1513687155962{padding-right: 0px !important;padding-left: 0px !important;}&#8221;][vc_column_text]Il est normal que vous accordiez une importance particuli\u00e8re \u00e0 la mani\u00e8re dont vos donn\u00e9es sont obtenues, utilis\u00e9es et [&hellip;]\" \/>\n<meta property=\"og:url\" content=\"https:\/\/skylabfactory.com\/en\/privacy-policy\/\" \/>\n<meta property=\"og:site_name\" content=\"Skylab Factory\" \/>\n<meta property=\"article:publisher\" content=\"https:\/\/www.facebook.com\/Skylabfactory\/\" \/>\n<meta property=\"article:modified_time\" content=\"2023-07-17T09:16:46+00:00\" \/>\n<meta property=\"og:image\" content=\"https:\/\/skylabfactory.com\/wp-content\/uploads\/2021\/06\/Skylab-Mons-28.jpg\" \/>\n\t<meta property=\"og:image:width\" content=\"1500\" \/>\n\t<meta property=\"og:image:height\" content=\"1000\" \/>\n\t<meta property=\"og:image:type\" content=\"image\/jpeg\" \/>\n<meta name=\"twitter:label1\" content=\"Est. reading time\" \/>\n\t<meta name=\"twitter:data1\" content=\"12 minutes\" \/>\n<script type=\"application\/ld+json\" class=\"yoast-schema-graph\">{\"@context\":\"https:\/\/schema.org\",\"@graph\":[{\"@type\":\"WebPage\",\"@id\":\"https:\/\/skylabfactory.com\/en\/privacy-policy\/\",\"url\":\"https:\/\/skylabfactory.com\/en\/privacy-policy\/\",\"name\":\"Privacy Policy - Skylab Factory\",\"isPartOf\":{\"@id\":\"https:\/\/skylabfactory.com\/en\/#website\"},\"datePublished\":\"2021-04-29T10:07:22+00:00\",\"dateModified\":\"2023-07-17T09:16:46+00:00\",\"breadcrumb\":{\"@id\":\"https:\/\/skylabfactory.com\/en\/privacy-policy\/#breadcrumb\"},\"inLanguage\":\"en-US\",\"potentialAction\":[{\"@type\":\"ReadAction\",\"target\":[\"https:\/\/skylabfactory.com\/en\/privacy-policy\/\"]}]},{\"@type\":\"BreadcrumbList\",\"@id\":\"https:\/\/skylabfactory.com\/en\/privacy-policy\/#breadcrumb\",\"itemListElement\":[{\"@type\":\"ListItem\",\"position\":1,\"name\":\"Accueil\",\"item\":\"https:\/\/skylabfactory.com\/en\/\"},{\"@type\":\"ListItem\",\"position\":2,\"name\":\"Privacy Policy\"}]},{\"@type\":\"WebSite\",\"@id\":\"https:\/\/skylabfactory.com\/en\/#website\",\"url\":\"https:\/\/skylabfactory.com\/en\/\",\"name\":\"Skylab Factory\",\"description\":\"\",\"potentialAction\":[{\"@type\":\"SearchAction\",\"target\":{\"@type\":\"EntryPoint\",\"urlTemplate\":\"https:\/\/skylabfactory.com\/en\/?s={search_term_string}\"},\"query-input\":{\"@type\":\"PropertyValueSpecification\",\"valueRequired\":true,\"valueName\":\"search_term_string\"}}],\"inLanguage\":\"en-US\"}]}<\/script>\n<!-- \/ Yoast SEO plugin. -->","yoast_head_json":{"title":"Privacy Policy - Skylab Factory","robots":{"index":"index","follow":"follow","max-snippet":"max-snippet:-1","max-image-preview":"max-image-preview:large","max-video-preview":"max-video-preview:-1"},"canonical":"https:\/\/skylabfactory.com\/en\/privacy-policy\/","og_locale":"en_US","og_type":"article","og_title":"Privacy Policy - Skylab Factory","og_description":"[vc_row css=&#8221;.vc_custom_1619709093242{background-color: #ffffff !important;}&#8221;][vc_column css=&#8221;.vc_custom_1513687155962{padding-right: 0px !important;padding-left: 0px !important;}&#8221;][vc_column_text]Il est normal que vous accordiez une importance particuli\u00e8re \u00e0 la mani\u00e8re dont vos donn\u00e9es sont obtenues, utilis\u00e9es et [&hellip;]","og_url":"https:\/\/skylabfactory.com\/en\/privacy-policy\/","og_site_name":"Skylab Factory","article_publisher":"https:\/\/www.facebook.com\/Skylabfactory\/","article_modified_time":"2023-07-17T09:16:46+00:00","og_image":[{"width":1500,"height":1000,"url":"https:\/\/skylabfactory.com\/wp-content\/uploads\/2021\/06\/Skylab-Mons-28.jpg","type":"image\/jpeg"}],"twitter_misc":{"Est. reading time":"12 minutes"},"schema":{"@context":"https:\/\/schema.org","@graph":[{"@type":"WebPage","@id":"https:\/\/skylabfactory.com\/en\/privacy-policy\/","url":"https:\/\/skylabfactory.com\/en\/privacy-policy\/","name":"Privacy Policy - Skylab Factory","isPartOf":{"@id":"https:\/\/skylabfactory.com\/en\/#website"},"datePublished":"2021-04-29T10:07:22+00:00","dateModified":"2023-07-17T09:16:46+00:00","breadcrumb":{"@id":"https:\/\/skylabfactory.com\/en\/privacy-policy\/#breadcrumb"},"inLanguage":"en-US","potentialAction":[{"@type":"ReadAction","target":["https:\/\/skylabfactory.com\/en\/privacy-policy\/"]}]},{"@type":"BreadcrumbList","@id":"https:\/\/skylabfactory.com\/en\/privacy-policy\/#breadcrumb","itemListElement":[{"@type":"ListItem","position":1,"name":"Accueil","item":"https:\/\/skylabfactory.com\/en\/"},{"@type":"ListItem","position":2,"name":"Privacy Policy"}]},{"@type":"WebSite","@id":"https:\/\/skylabfactory.com\/en\/#website","url":"https:\/\/skylabfactory.com\/en\/","name":"Skylab Factory","description":"","potentialAction":[{"@type":"SearchAction","target":{"@type":"EntryPoint","urlTemplate":"https:\/\/skylabfactory.com\/en\/?s={search_term_string}"},"query-input":{"@type":"PropertyValueSpecification","valueRequired":true,"valueName":"search_term_string"}}],"inLanguage":"en-US"}]}},"_links":{"self":[{"href":"https:\/\/skylabfactory.com\/en\/wp-json\/wp\/v2\/pages\/9636","targetHints":{"allow":["GET"]}}],"collection":[{"href":"https:\/\/skylabfactory.com\/en\/wp-json\/wp\/v2\/pages"}],"about":[{"href":"https:\/\/skylabfactory.com\/en\/wp-json\/wp\/v2\/types\/page"}],"author":[{"embeddable":true,"href":"https:\/\/skylabfactory.com\/en\/wp-json\/wp\/v2\/users\/5"}],"replies":[{"embeddable":true,"href":"https:\/\/skylabfactory.com\/en\/wp-json\/wp\/v2\/comments?post=9636"}],"version-history":[{"count":1,"href":"https:\/\/skylabfactory.com\/en\/wp-json\/wp\/v2\/pages\/9636\/revisions"}],"predecessor-version":[{"id":9661,"href":"https:\/\/skylabfactory.com\/en\/wp-json\/wp\/v2\/pages\/9636\/revisions\/9661"}],"wp:attachment":[{"href":"https:\/\/skylabfactory.com\/en\/wp-json\/wp\/v2\/media?parent=9636"}],"curies":[{"name":"wp","href":"https:\/\/api.w.org\/{rel}","templated":true}]}}